{"id":12878,"date":"2023-10-26T17:07:44","date_gmt":"2023-10-26T15:07:44","guid":{"rendered":"https:\/\/landingpages.gastroparts.com\/hello\/?page_id=12878"},"modified":"2024-11-20T11:08:58","modified_gmt":"2024-11-20T10:08:58","slug":"robot-coupe-serwisuj-z-gastroparts","status":"publish","type":"page","link":"https:\/\/landingpages.gastroparts.com\/hello\/robot-coupe-serwisuj-z-gastroparts\/","title":{"rendered":"Robot Coupe &#8211; serwisuj urz\u0105dzenia z Gastroparts 2024"},"content":{"rendered":"<p>[vc_row row_height_percent=&#8221;100&#8243; back_color=&#8221;color-xsdn&#8221; back_image=&#8221;20366&#8243; overlay_color=&#8221;color-xsdn&#8221; overlay_alpha=&#8221;80&#8243; gutter_size=&#8221;3&#8243; column_width_percent=&#8221;100&#8243; shift_y=&#8221;0&#8243; z_index=&#8221;0&#8243; bottom_divider=&#8221;curve-asym-opacity&#8221; back_size=&#8221;full&#8221;][vc_column column_width_percent=&#8221;100&#8243; position_vertical=&#8221;middle&#8221; gutter_size=&#8221;3&#8243; overlay_alpha=&#8221;50&#8243; shift_x=&#8221;0&#8243; shift_y=&#8221;0&#8243; shift_y_down=&#8221;0&#8243; z_index=&#8221;0&#8243; medium_width=&#8221;0&#8243; mobile_width=&#8221;0&#8243; width=&#8221;1\/1&#8243;][vc_row_inner limit_content=&#8221;&#8221;][vc_column_inner column_width_percent=&#8221;100&#8243; align_horizontal=&#8221;align_center&#8221; gutter_size=&#8221;3&#8243; style=&#8221;light&#8221; overlay_alpha=&#8221;50&#8243; shift_x=&#8221;0&#8243; shift_y=&#8221;0&#8243; shift_y_down=&#8221;0&#8243; z_index=&#8221;0&#8243; align_medium=&#8221;align_center_tablet&#8221; medium_width=&#8221;0&#8243; align_mobile=&#8221;align_center_mobile&#8221; mobile_width=&#8221;0&#8243; width=&#8221;1\/1&#8243; mobile_height=&#8221;640&#8243;][vc_single_image media=&#8221;7127&#8243; media_width_percent=&#8221;100&#8243; media_ratio=&#8221;twentyone-nine&#8221; alignment=&#8221;center&#8221; css_animation=&#8221;zoom-in&#8221; media_link=&#8221;url:https%3A%2F%2Fgastroparts.com%2Fpl%2F||target:%20_blank|&#8221;][vc_empty_space empty_h=&#8221;1&#8243; mobile_visibility=&#8221;yes&#8221;][vc_custom_heading heading_semantic=&#8221;h1&#8243; text_font=&#8221;font-542941&#8243; text_size=&#8221;fontsize-152453&#8243; text_weight=&#8221;900&#8243; text_height=&#8221;fontheight-831381&#8243; text_color=&#8221;color-jevc&#8221; css_animation=&#8221;typewriter&#8221; animation_delay=&#8221;200&#8243; interval_animation=&#8221;20&#8243;]<\/p>\n<h1><span class=\"ui-provider a b c d e f g h i j k l m n o p q r s t u v w x y z ab ac ae af ag ah ai aj ak\" dir=\"ltr\">Najcz\u0119\u015bciej u\u017cywane do napraw &#8211; cz\u0119\u015bci Robot Coupe!<\/span><\/h1>\n<p>[\/vc_custom_heading][vc_empty_space empty_h=&#8221;1&#8243; mobile_visibility=&#8221;yes&#8221;][vc_custom_heading heading_semantic=&#8221;h1&#8243; text_font=&#8221;font-542941&#8243; text_size=&#8221;h1&#8243; text_weight=&#8221;700&#8243; text_height=&#8221;fontheight-831381&#8243; text_color=&#8221;color-210407&#8243; css_animation=&#8221;left-t-right&#8221; animation_speed=&#8221;200&#8243; animation_delay=&#8221;1000&#8243;]<span class=\"ui-provider a b c d e f g h i j k l m n o p q r s t u v w x y z ab ac ae af ag ah ai aj ak\" dir=\"ltr\">Zawsze dost\u0119pne w naszym magazynie.\u00a0<\/span>[\/vc_custom_heading][vc_column_text text_lead=&#8221;yes&#8221; css_animation=&#8221;bottom-t-top&#8221; animation_delay=&#8221;300&#8243;]<\/p>\n<h2><\/h2>\n<h2><\/h2>\n<h2><mark>Zam\u00f3wisz z wysy\u0142k\u0105 tego samego dnia.\u00a0<\/mark><\/h2>\n<p>[\/vc_column_text][vc_icon position=&#8221;bottom&#8221; icon=&#8221;fa fa-arrow-down2&#8243; icon_color=&#8221;color-xsdn&#8221; size=&#8221;fa-2x&#8221; css_animation=&#8221;alpha-anim&#8221;][\/vc_icon][vc_empty_space empty_h=&#8221;3&#8243;][\/vc_column_inner][\/vc_row_inner][\/vc_column][\/vc_row][vc_row row_height_percent=&#8221;0&#8243; override_padding=&#8221;yes&#8221; h_padding=&#8221;2&#8243; top_padding=&#8221;3&#8243; bottom_padding=&#8221;3&#8243; back_color=&#8221;color-nhtu&#8221; overlay_alpha=&#8221;0&#8243; gutter_size=&#8221;100&#8243; column_width_percent=&#8221;100&#8243; shift_y=&#8221;0&#8243; z_index=&#8221;0&#8243; style=&#8221;inherited&#8221;][vc_column column_width_percent=&#8221;100&#8243; align_horizontal=&#8221;align_center&#8221; gutter_size=&#8221;4&#8243; style=&#8221;dark&#8221; overlay_alpha=&#8221;100&#8243; shift_x=&#8221;0&#8243; shift_y=&#8221;0&#8243; shift_y_down=&#8221;0&#8243; z_index=&#8221;0&#8243; medium_width=&#8221;0&#8243; mobile_width=&#8221;0&#8243; zoom_width=&#8221;0&#8243; zoom_height=&#8221;0&#8243; width=&#8221;1\/1&#8243;][vc_custom_heading heading_semantic=&#8221;h1&#8243; text_font=&#8221;font-542941&#8243; css_animation=&#8221;alpha-anim&#8221; animation_delay=&#8221;200&#8243;]<a href=\"https:\/\/www.gastroparts.com\/partner_towary.php?szukaj=ROBOT+COUPE\">SPRAWD\u0179 WI\u0118CEJ&#8230; Posiadamy <strong>5325<\/strong>\u00a0innych cz\u0119\u015bci do urz\u0105dze\u0144 ROBOT COUPE<\/a>[\/vc_custom_heading][\/vc_column][\/vc_row][vc_row row_height_percent=&#8221;0&#8243; overlay_alpha=&#8221;50&#8243; gutter_size=&#8221;3&#8243; column_width_percent=&#8221;100&#8243; shift_y=&#8221;0&#8243; z_index=&#8221;0&#8243;][vc_column width=&#8221;1\/1&#8243;][uncode_block id=&#8221;20549&#8243;][\/vc_column][\/vc_row][vc_row row_height_percent=&#8221;0&#8243; override_padding=&#8221;yes&#8221; h_padding=&#8221;2&#8243; top_padding=&#8221;3&#8243; bottom_padding=&#8221;3&#8243; back_color=&#8221;color-nhtu&#8221; overlay_alpha=&#8221;0&#8243; gutter_size=&#8221;100&#8243; column_width_percent=&#8221;100&#8243; shift_y=&#8221;0&#8243; z_index=&#8221;0&#8243; style=&#8221;inherited&#8221;][vc_column column_width_percent=&#8221;100&#8243; align_horizontal=&#8221;align_center&#8221; gutter_size=&#8221;4&#8243; style=&#8221;dark&#8221; overlay_alpha=&#8221;100&#8243; shift_x=&#8221;0&#8243; shift_y=&#8221;0&#8243; shift_y_down=&#8221;0&#8243; z_index=&#8221;0&#8243; medium_width=&#8221;0&#8243; mobile_width=&#8221;0&#8243; zoom_width=&#8221;0&#8243; zoom_height=&#8221;0&#8243; width=&#8221;1\/1&#8243;][vc_custom_heading text_font=&#8221;font-542941&#8243;]Dlaczego my?[\/vc_custom_heading][vc_row_inner row_inner_height_percent=&#8221;0&#8243; overlay_alpha=&#8221;100&#8243; gutter_size=&#8221;4&#8243; shift_y=&#8221;0&#8243; limit_content=&#8221;&#8221;][vc_column_inner column_width_percent=&#8221;100&#8243; align_horizontal=&#8221;align_center&#8221; gutter_size=&#8221;3&#8243; style=&#8221;dark&#8221; overlay_alpha=&#8221;100&#8243; shift_x=&#8221;0&#8243; shift_y=&#8221;0&#8243; shift_y_down=&#8221;0&#8243; z_index=&#8221;0&#8243; medium_width=&#8221;3&#8243; mobile_width=&#8221;0&#8243; zoom_width=&#8221;0&#8243; zoom_height=&#8221;0&#8243; width=&#8221;1\/3&#8243;][vc_icon icon=&#8221;fa fa-clock-o&#8221; icon_color=&#8221;color-xsdn&#8221; size=&#8221;fa-3x&#8221; text_size=&#8221;h4&#8243; align=&#8221;left&#8221; title=&#8221;Wy\u015blemy w 24h&#8221;]Aby b\u0142yskawicznie reagowa\u0107 na Twoje potrzeby, wi\u0119kszo\u015b\u0107 cz\u0119\u015bci dost\u0119pna jest w naszym magazynie. Zam\u00f3wienia z\u0142o\u017cone do godziny 17-tej wysy\u0142amy jeszcze tego samego dnia.[\/vc_icon][\/vc_column_inner][vc_column_inner column_width_percent=&#8221;100&#8243; align_horizontal=&#8221;align_center&#8221; gutter_size=&#8221;3&#8243; style=&#8221;dark&#8221; overlay_alpha=&#8221;100&#8243; shift_x=&#8221;0&#8243; shift_y=&#8221;0&#8243; shift_y_down=&#8221;0&#8243; z_index=&#8221;0&#8243; medium_width=&#8221;3&#8243; mobile_width=&#8221;0&#8243; zoom_width=&#8221;0&#8243; zoom_height=&#8221;0&#8243; width=&#8221;1\/3&#8243;][vc_icon icon=&#8221;fa fa-lock&#8221; icon_color=&#8221;color-xsdn&#8221; size=&#8221;fa-3x&#8221; text_size=&#8221;h4&#8243; align=&#8221;left&#8221; title=&#8221;Zap\u0142acisz bezpiecznie&#8221;]Za z\u0142o\u017cone zam\u00f3wienie mo\u017cesz bezpiecznie i b\u0142yskawicznie zap\u0142aci\u0107 online, kart\u0105, blikiem, przelewem bankowym albo wybra\u0107 przesy\u0142k\u0119 za pobraniem i zap\u0142aci\u0107 przy odbiorze.[\/vc_icon][\/vc_column_inner][vc_column_inner column_width_percent=&#8221;100&#8243; align_horizontal=&#8221;align_center&#8221; gutter_size=&#8221;3&#8243; style=&#8221;dark&#8221; overlay_alpha=&#8221;100&#8243; shift_x=&#8221;0&#8243; shift_y=&#8221;0&#8243; shift_y_down=&#8221;0&#8243; z_index=&#8221;0&#8243; medium_width=&#8221;3&#8243; mobile_width=&#8221;0&#8243; zoom_width=&#8221;0&#8243; zoom_height=&#8221;0&#8243; width=&#8221;1\/3&#8243;][vc_icon icon=&#8221;fa fa-group2&#8243; icon_color=&#8221;color-xsdn&#8221; size=&#8221;fa-3x&#8221; text_size=&#8221;h4&#8243; align=&#8221;left&#8221; title=&#8221;Doradzimy profesjonalnie&#8221;]Si\u0142\u0105 naszego zespo\u0142u doradc\u00f3w jest kompetencja i do\u015bwiadczenie. Fachowo doradzimy Ci w doborze odpowiednich cz\u0119\u015bci, gwarantuj\u0105c przy tym konkurencyjn\u0105 cen\u0119.[\/vc_icon][\/vc_column_inner][\/vc_row_inner][\/vc_column][\/vc_row][vc_row][vc_column width=&#8221;1\/1&#8243;][uncode_block id=&#8221;12661&#8243;][\/vc_column][\/vc_row][vc_row][vc_column width=&#8221;1\/1&#8243;][uncode_block id=&#8221;7032&#8243;][\/vc_column][\/vc_row]<\/p>\n","protected":false},"excerpt":{"rendered":"<p>[vc_row row_height_percent=&#8221;100&#8243; back_color=&#8221;color-xsdn&#8221; back_image=&#8221;20366&#8243; overlay_color=&#8221;color-xsdn&#8221; overlay_alpha=&#8221;80&#8243; gutter_size=&#8221;3&#8243; column_width_percent=&#8221;100&#8243; shift_y=&#8221;0&#8243; z_index=&#8221;0&#8243; bottom_divider=&#8221;curve-asym-opacity&#8221; back_size=&#8221;full&#8221;][vc_column column_width_percent=&#8221;100&#8243; position_vertical=&#8221;middle&#8221; gutter_size=&#8221;3&#8243; overlay_alpha=&#8221;50&#8243; shift_x=&#8221;0&#8243; shift_y=&#8221;0&#8243; shift_y_down=&#8221;0&#8243; z_index=&#8221;0&#8243; [&hellip;]<\/p>\n","protected":false},"author":2,"featured_media":0,"parent":0,"menu_order":0,"comment_status":"closed","ping_status":"closed","template":"","meta":{"footnotes":""},"_links":{"self":[{"href":"https:\/\/landingpages.gastroparts.com\/hello\/wp-json\/wp\/v2\/pages\/12878"}],"collection":[{"href":"https:\/\/landingpages.gastroparts.com\/hello\/wp-json\/wp\/v2\/pages"}],"about":[{"href":"https:\/\/landingpages.gastroparts.com\/hello\/wp-json\/wp\/v2\/types\/page"}],"author":[{"embeddable":true,"href":"https:\/\/landingpages.gastroparts.com\/hello\/wp-json\/wp\/v2\/users\/2"}],"replies":[{"embeddable":true,"href":"https:\/\/landingpages.gastroparts.com\/hello\/wp-json\/wp\/v2\/comments?post=12878"}],"version-history":[{"count":56,"href":"https:\/\/landingpages.gastroparts.com\/hello\/wp-json\/wp\/v2\/pages\/12878\/revisions"}],"predecessor-version":[{"id":21346,"href":"https:\/\/landingpages.gastroparts.com\/hello\/wp-json\/wp\/v2\/pages\/12878\/revisions\/21346"}],"wp:attachment":[{"href":"https:\/\/landingpages.gastroparts.com\/hello\/wp-json\/wp\/v2\/media?parent=12878"}],"curies":[{"name":"wp","href":"https:\/\/api.w.org\/{rel}","templated":true}]}}